{"id":251,"date":"2025-09-30T11:13:16","date_gmt":"2025-09-30T11:13:16","guid":{"rendered":"https:\/\/idealfen.com\/?page_id=251"},"modified":"2025-09-30T11:25:26","modified_gmt":"2025-09-30T11:25:26","slug":"hizli-okuma-kursu","status":"publish","type":"page","link":"https:\/\/idealfen.com\/index.php\/hizli-okuma-kursu\/","title":{"rendered":"H\u0131zl\u0131 Okuma"},"content":{"rendered":"<p>[et_pb_section fb_built=&#8221;1&#8243; specialty=&#8221;on&#8221; padding_top_1=&#8221;50px&#8221; padding_bottom_1=&#8221;30px&#8221; padding_bottom_2=&#8221;0px&#8221; padding_top_bottom_link_1=&#8221;false&#8221; padding_top_bottom_link_2=&#8221;false&#8221; padding_left_right_link_1=&#8221;false&#8221; padding_left_right_link_2=&#8221;false&#8221; padding_1_tablet=&#8221;0px||0px||true|false&#8221; padding_1_phone=&#8221;&#8221; padding_1_last_edited=&#8221;on|phone&#8221; admin_label=&#8221;Header&#8221; _builder_version=&#8221;4.16&#8243; background_color=&#8221;#f8f9fa&#8221; custom_padding=&#8221;0px||0px||false|false&#8221; locked=&#8221;off&#8221; global_colors_info=&#8221;{}&#8221;][et_pb_column type=&#8221;1_2&#8243; specialty_columns=&#8221;2&#8243; _builder_version=&#8221;4.16&#8243; custom_padding=&#8221;|||&#8221; global_colors_info=&#8221;{}&#8221; custom_padding__hover=&#8221;|||&#8221;][et_pb_row_inner _builder_version=&#8221;4.16&#8243; custom_margin=&#8221;||||false|false&#8221; custom_margin_last_edited=&#8221;off|tablet&#8221; custom_padding=&#8221;9px|||||&#8221; global_colors_info=&#8221;{}&#8221;][et_pb_column_inner saved_specialty_column_type=&#8221;1_2&#8243; _builder_version=&#8221;4.16&#8243; global_colors_info=&#8221;{}&#8221;][et_pb_divider color=&#8221;#f9ce6e&#8221; divider_position=&#8221;center&#8221; divider_weight=&#8221;1px&#8221; _builder_version=&#8221;4.16&#8243; width=&#8221;120px&#8221; height=&#8221;7px&#8221; box_shadow_style=&#8221;preset7&#8243; box_shadow_horizontal=&#8221;40px&#8221; box_shadow_vertical=&#8221;0px&#8221; box_shadow_color=&#8221;#f9ce6e&#8221; locked=&#8221;off&#8221; global_colors_info=&#8221;{}&#8221;][\/et_pb_divider][et_pb_text _builder_version=&#8221;4.20.4&#8243; header_4_font=&#8221;PT Sans|700||on|||||&#8221; header_4_text_color=&#8221;#ffc107&#8243; header_4_font_size=&#8221;11px&#8221; header_4_letter_spacing=&#8221;1px&#8221; custom_margin=&#8221;-38px|||130px|false|false&#8221; custom_padding=&#8221;||||false|false&#8221; locked=&#8221;off&#8221; global_colors_info=&#8221;{}&#8221;]<\/p>\n<h4>\u00c7ekmek\u00f6y H\u0131zl\u0131 Okuma Kursu<\/h4>\n<p>[\/et_pb_text][et_pb_text _builder_version=&#8221;4.20.4&#8243; text_font=&#8221;PT Sans||||||||&#8221; text_font_size=&#8221;16px&#8221; text_line_height=&#8221;1.8em&#8221; header_font=&#8221;Playfair Display|700|||||||&#8221; header_font_size=&#8221;60px&#8221; header_line_height=&#8221;1.1em&#8221; header_font_size_tablet=&#8221;40px&#8221; header_font_size_phone=&#8221;30px&#8221; header_font_size_last_edited=&#8221;on|phone&#8221; global_colors_info=&#8221;{}&#8221;]<\/p>\n<h2><strong>\u0130deal Fen H\u0131zl\u0131 Okuma Kursu<\/strong><\/h2>\n<p><strong>H\u0131zl\u0131 Okuma Kursu<\/strong>, \u00f6\u011frencilerin okuma h\u0131z\u0131n\u0131 art\u0131r\u0131rken ayn\u0131 zamanda anlama becerisini geli\u015ftirmeyi hedefler. Kurslar\u0131m\u0131z, hem <strong>online<\/strong> hem de <strong>y\u00fcz y\u00fcze<\/strong> olarak uygulanmakta ve kat\u0131l\u0131mc\u0131lar\u0131n ihtiya\u00e7lar\u0131na uygun esnek bir program sunmaktad\u0131r.<\/p>\n<p>[\/et_pb_text][\/et_pb_column_inner][\/et_pb_row_inner][et_pb_row_inner column_structure=&#8221;1_2,1_2&#8243; use_custom_gutter=&#8221;on&#8221; gutter_width=&#8221;2&#8243; _builder_version=&#8221;4.16&#8243; custom_margin_tablet=&#8221;-30px||||false|false&#8221; custom_margin_last_edited=&#8221;off|desktop&#8221; global_colors_info=&#8221;{}&#8221;][et_pb_column_inner type=&#8221;1_2&#8243; saved_specialty_column_type=&#8221;1_2&#8243; _builder_version=&#8221;4.16&#8243; global_colors_info=&#8221;{}&#8221;][et_pb_blurb use_icon=&#8221;on&#8221; font_icon=&#8221;&#xe00b;||divi||400&#8243; icon_color=&#8221;#aaaaaa&#8221; image_icon_width=&#8221;32px&#8221; title_tablet=&#8221;&#8221; title_phone=&#8221;&#8221; title_last_edited=&#8221;on|desktop&#8221; _builder_version=&#8221;4.20.4&#8243; header_font=&#8221;PT Sans|700|||||||&#8221; header_text_color=&#8221;#2a3749&#8243; header_font_size=&#8221;16px&#8221; header_line_height=&#8221;1.9em&#8221; text_orientation=&#8221;center&#8221; hover_enabled=&#8221;0&#8243; icon_font_size=&#8221;32px&#8221; locked=&#8221;off&#8221; global_colors_info=&#8221;{}&#8221; sticky_enabled=&#8221;0&#8243;]<\/p>\n<h2><strong><a href=\"tel:\/+905337000853\">0 533 700 08 53<\/a><\/strong><\/h2>\n<p>[\/et_pb_blurb][\/et_pb_column_inner][et_pb_column_inner type=&#8221;1_2&#8243; saved_specialty_column_type=&#8221;1_2&#8243; _builder_version=&#8221;4.16&#8243; global_colors_info=&#8221;{}&#8221;][et_pb_blurb use_icon=&#8221;on&#8221; font_icon=&#8221;&#xf232;||fa||400&#8243; icon_color=&#8221;#aaaaaa&#8221; image_icon_width=&#8221;32px&#8221; _builder_version=&#8221;4.20.4&#8243; header_font=&#8221;PT Sans|700|||||||&#8221; header_text_color=&#8221;#2a3749&#8243; header_font_size=&#8221;16px&#8221; header_line_height=&#8221;1.9em&#8221; text_orientation=&#8221;center&#8221; icon_font_size=&#8221;32px&#8221; locked=&#8221;off&#8221; global_colors_info=&#8221;{}&#8221;]<\/p>\n<h3><strong><a href=\"whatsapp:\/\/send?text=Merhaba! Size idealfen.com sitesi \u00fczerinden mesaj at\u0131yorum.&amp;phone=+905337000853\">Whatsapp&#8217;tan <\/a><\/strong><\/h3>\n<h3><strong><a href=\"whatsapp:\/\/send?text=Merhaba! Size ideafen.com sitesi \u00fczerinden mesaj at\u0131yorum.&amp;phone=+905337000853\">mesaj atmak i\u00e7in<\/a><\/strong><\/h3>\n<h3><strong><a href=\"whatsapp:\/\/send?text=Merhaba! Size idealfen.com sitesi \u00fczerinden mesaj at\u0131yorum.&amp;phone=+905337000853\"> t\u0131klay\u0131n<\/a><\/strong><\/h3>\n<p>[\/et_pb_blurb][\/et_pb_column_inner][\/et_pb_row_inner][\/et_pb_column][et_pb_column type=&#8221;1_2&#8243; _builder_version=&#8221;4.16&#8243; custom_padding=&#8221;|||&#8221; global_colors_info=&#8221;{}&#8221; custom_padding__hover=&#8221;|||&#8221;][et_pb_image src=&#8221;http:\/\/idealfen.com\/wp-content\/uploads\/2022\/09\/tutor-09.png&#8221; _builder_version=&#8221;4.16&#8243; positioning=&#8221;absolute&#8221; vertical_offset=&#8221;-10px&#8221; horizontal_offset=&#8221;-115px&#8221; z_index=&#8221;1&#8243; vertical_offset_tablet=&#8221;-60px&#8221; vertical_offset_phone=&#8221;&#8221; vertical_offset_last_edited=&#8221;on|phone&#8221; width=&#8221;100%&#8221; locked=&#8221;off&#8221; global_colors_info=&#8221;{}&#8221;][\/et_pb_image][et_pb_image src=&#8221;http:\/\/idealfen.com\/wp-content\/uploads\/2022\/09\/tutor-13.png&#8221; align=&#8221;center&#8221; _builder_version=&#8221;4.16&#8243; max_height_tablet=&#8221;400px&#8221; max_height_phone=&#8221;&#8221; max_height_last_edited=&#8221;on|tablet&#8221; custom_margin=&#8221;|-10vw|0px||false|false&#8221; global_colors_info=&#8221;{}&#8221;][\/et_pb_image][et_pb_image src=&#8221;http:\/\/idealfen.com\/wp-content\/uploads\/2022\/09\/tutor-10.png&#8221; _builder_version=&#8221;4.16&#8243; positioning=&#8221;absolute&#8221; position_origin_a=&#8221;bottom_left&#8221; vertical_offset=&#8221;-33px&#8221; horizontal_offset=&#8221;-80px&#8221; width=&#8221;100%&#8221; scroll_vertical_motion_enable=&#8221;on&#8221; scroll_vertical_motion=&#8221;0|50|50|100|2|0|-2&#8243; scroll_rotating_enable=&#8221;on&#8221; scroll_rotating=&#8221;0|50|50|100|30\u00b0|0|-30\u00b0&#8221; locked=&#8221;off&#8221; global_colors_info=&#8221;{}&#8221;][\/et_pb_image][\/et_pb_column][\/et_pb_section][et_pb_section fb_built=&#8221;1&#8243; admin_label=&#8221;About&#8221; _builder_version=&#8221;4.16&#8243; global_colors_info=&#8221;{}&#8221;][et_pb_row column_structure=&#8221;1_2,1_2&#8243; _builder_version=&#8221;4.16&#8243; custom_margin=&#8221;||||false|false&#8221; custom_padding=&#8221;||||false|false&#8221; global_colors_info=&#8221;{}&#8221;][et_pb_column type=&#8221;1_2&#8243; _builder_version=&#8221;4.16&#8243; global_colors_info=&#8221;{}&#8221;][et_pb_text _builder_version=&#8221;4.20.4&#8243; text_font=&#8221;PT Sans||||||||&#8221; text_font_size=&#8221;16px&#8221; text_line_height=&#8221;1.8em&#8221; header_2_font=&#8221;Playfair Display|700|||||||&#8221; header_2_font_size=&#8221;50px&#8221; header_2_line_height=&#8221;1.3em&#8221; custom_padding=&#8221;|||11px||&#8221; header_2_font_size_tablet=&#8221;32px&#8221; header_2_font_size_phone=&#8221;24px&#8221; header_2_font_size_last_edited=&#8221;on|tablet&#8221; locked=&#8221;off&#8221; global_colors_info=&#8221;{}&#8221;]<\/p>\n<h2><strong>Neden \u0130deal Fen H\u0131zl\u0131 Okuma Kursu?<\/strong><\/h2>\n<section class=\"elementor-element elementor-element-e69481b elementor-section-boxed elementor-section-height-default elementor-section-height-default elementor-section elementor-top-section\" data-id=\"e69481b\" data-element_type=\"section\">\n<div class=\"elementor-container elementor-column-gap-default\">\n<div class=\"elementor-row\">\n<div class=\"elementor-element elementor-element-7e6f417 elementor-column elementor-col-100 elementor-top-column\" data-id=\"7e6f417\" data-element_type=\"column\">\n<div class=\"elementor-column-wrap elementor-element-populated\">\n<div class=\"elementor-widget-wrap\">\n<div class=\"elementor-element elementor-element-e23c027 elementor-widget elementor-widget-text-editor\" data-id=\"e23c027\" data-element_type=\"widget\" data-widget_type=\"text-editor.default\">\n<div class=\"elementor-widget-container\">\n<div class=\"elementor-text-editor elementor-clearfix\"><\/div>\n<\/div>\n<\/div>\n<\/div>\n<\/div>\n<\/div>\n<\/div>\n<\/div>\n<\/section>\n<p>[\/et_pb_text][et_pb_blurb title=&#8221;Zaman Y\u00f6netimi: Daha k\u0131sa s\u00fcrede daha fazla metin okuyarak zaman\u0131 verimli kullanma&#8221; use_icon=&#8221;on&#8221; font_icon=&#8221;&#xe052;||divi||400&#8243; icon_color=&#8221;#007aff&#8221; icon_placement=&#8221;left&#8221; content_max_width=&#8221;800px&#8221; _builder_version=&#8221;4.20.4&#8243; header_font=&#8221;PT Sans|700|||||||&#8221; header_text_color=&#8221;#2a3749&#8243; header_font_size=&#8221;16px&#8221; header_line_height=&#8221;1.9em&#8221; locked=&#8221;off&#8221; global_colors_info=&#8221;{}&#8221;][\/et_pb_blurb][et_pb_blurb title=&#8221;S\u0131nav Haz\u0131rl\u0131\u011f\u0131: LGS, TYT, AYT  ve benzeri s\u0131navlarda soru \u00e7\u00f6zme h\u0131z\u0131n\u0131 art\u0131rma.&#8221; use_icon=&#8221;on&#8221; font_icon=&#8221;&#xe052;||divi||400&#8243; icon_color=&#8221;#007aff&#8221; icon_placement=&#8221;left&#8221; content_max_width=&#8221;800px&#8221; _builder_version=&#8221;4.20.4&#8243; header_font=&#8221;PT Sans|700|||||||&#8221; header_text_color=&#8221;#2a3749&#8243; header_font_size=&#8221;16px&#8221; header_line_height=&#8221;1.9em&#8221; locked=&#8221;off&#8221; global_colors_info=&#8221;{}&#8221;][\/et_pb_blurb][et_pb_blurb title=&#8221;Konsantrasyon ve Anlama: Okuma esnas\u0131nda dikkat da\u011f\u0131n\u0131kl\u0131\u011f\u0131n\u0131 \u00f6nleme, anlama oran\u0131n\u0131 y\u00fckseltme.&#8221; use_icon=&#8221;on&#8221; font_icon=&#8221;&#xe052;||divi||400&#8243; icon_color=&#8221;#007aff&#8221; icon_placement=&#8221;left&#8221; content_max_width=&#8221;800px&#8221; _builder_version=&#8221;4.20.4&#8243; header_font=&#8221;PT Sans|700|||||||&#8221; header_text_color=&#8221;#2a3749&#8243; header_font_size=&#8221;16px&#8221; header_line_height=&#8221;1.9em&#8221; locked=&#8221;off&#8221; global_colors_info=&#8221;{}&#8221;][\/et_pb_blurb][et_pb_blurb title=&#8221;Akademik ve Mesleki Ba\u015far\u0131: \u00d6\u011frenciler, akademisyenler ve i\u015f hayat\u0131ndaki bireyler i\u00e7in kal\u0131c\u0131 fayda sa\u011flar.&#8221; use_icon=&#8221;on&#8221; font_icon=&#8221;&#xe052;||divi||400&#8243; icon_color=&#8221;#007aff&#8221; icon_placement=&#8221;left&#8221; content_max_width=&#8221;800px&#8221; _builder_version=&#8221;4.20.4&#8243; header_font=&#8221;PT Sans|700|||||||&#8221; header_text_color=&#8221;#2a3749&#8243; header_font_size=&#8221;16px&#8221; header_line_height=&#8221;1.9em&#8221; locked=&#8221;off&#8221; global_colors_info=&#8221;{}&#8221;][\/et_pb_blurb][\/et_pb_column][et_pb_column type=&#8221;1_2&#8243; _builder_version=&#8221;4.16&#8243; custom_padding=&#8221;||||false|false&#8221; global_colors_info=&#8221;{}&#8221;][et_pb_text quote_border_weight=&#8221;8px&#8221; quote_border_color=&#8221;#f9ce6e&#8221; _builder_version=&#8221;4.20.4&#8243; header_2_font=&#8221;Playfair Display|700|||||||&#8221; header_2_text_color=&#8221;#2A3749&#8243; header_2_font_size=&#8221;42px&#8221; header_2_line_height=&#8221;1.1em&#8221; header_3_font=&#8221;Playfair Display|700|||||||&#8221; header_3_font_size=&#8221;40px&#8221; header_3_line_height=&#8221;1.2em&#8221; custom_padding=&#8221;||||false|false&#8221; header_2_font_size_tablet=&#8221;38px&#8221; header_2_font_size_phone=&#8221;25px&#8221; header_2_font_size_last_edited=&#8221;on|desktop&#8221; header_3_font_size_tablet=&#8221;34px&#8221; header_3_font_size_phone=&#8221;24px&#8221; header_3_font_size_last_edited=&#8221;on|phone&#8221; locked=&#8221;off&#8221; global_colors_info=&#8221;{}&#8221;]<\/p>\n<blockquote>\n<h2><strong>\u0130deal Fen H\u0131zl\u0131 Okuma Kursu Program\u0131<\/strong><\/h2>\n<\/blockquote>\n<p>[\/et_pb_text][et_pb_text _builder_version=&#8221;4.20.4&#8243; text_font=&#8221;PT Sans||||||||&#8221; text_text_color=&#8221;#62748a&#8221; text_font_size=&#8221;16px&#8221; text_line_height=&#8221;1.8em&#8221; custom_margin=&#8221;||0px|||&#8221; text_font_size_tablet=&#8221;&#8221; text_font_size_phone=&#8221;14px&#8221; text_font_size_last_edited=&#8221;on|desktop&#8221; locked=&#8221;off&#8221; global_colors_info=&#8221;{}&#8221;]<\/p>\n<ul>\n<li><strong>Online H\u0131zl\u0131 Okuma Kursu<\/strong>: \u0130nternet \u00fczerinden kolayca kat\u0131labilece\u011finiz, etkile\u015fimli dersler.<\/li>\n<li><strong>Y\u00fcz Y\u00fcze H\u0131zl\u0131 Okuma Kursu<\/strong>: \u00c7ekmek\u00f6y\u2019de s\u0131n\u0131f ortam\u0131nda, bire bir ilgi ile verilen e\u011fitim.<\/li>\n<\/ul>\n<p>[\/et_pb_text][et_pb_text _builder_version=&#8221;4.20.4&#8243; text_font=&#8221;PT Sans||||||||&#8221; text_text_color=&#8221;#62748a&#8221; text_font_size=&#8221;16px&#8221; text_line_height=&#8221;1.8em&#8221; text_font_size_tablet=&#8221;&#8221; text_font_size_phone=&#8221;14px&#8221; text_font_size_last_edited=&#8221;on|desktop&#8221; locked=&#8221;off&#8221; global_colors_info=&#8221;{}&#8221;]<\/p>\n<ul>\n<li><strong>Uygulamal\u0131 E\u011fitimler<\/strong>: Okuma h\u0131z\u0131n\u0131 \u00f6l\u00e7me, g\u00f6z egzersizleri, konsantrasyon \u00e7al\u0131\u015fmalar\u0131.<\/li>\n<li><strong>D\u00fczenli Takip ve Analiz<\/strong>: Kat\u0131l\u0131mc\u0131lar\u0131n geli\u015fimi \u00f6l\u00e7\u00fcl\u00fcr ve raporlan\u0131r.<\/li>\n<\/ul>\n<p>[\/et_pb_text][\/et_pb_column][\/et_pb_row][\/et_pb_section][et_pb_section fb_built=&#8221;1&#8243; custom_padding_last_edited=&#8221;on|phone&#8221; admin_label=&#8221;Call to Action&#8221; _builder_version=&#8221;4.16&#8243; background_color=&#8221;#007aff&#8221; width=&#8221;90%&#8221; module_alignment=&#8221;center&#8221; custom_padding=&#8221;52px||52px||true|false&#8221; custom_padding_tablet=&#8221;60px||60px||true|false&#8221; custom_padding_phone=&#8221;40px||40px||true|false&#8221; border_radii=&#8221;on|30px|30px|30px|30px&#8221; locked=&#8221;off&#8221; global_colors_info=&#8221;{}&#8221;][et_pb_row _builder_version=&#8221;4.16&#8243; global_colors_info=&#8221;{}&#8221;][et_pb_column type=&#8221;4_4&#8243; _builder_version=&#8221;4.16&#8243; global_colors_info=&#8221;{}&#8221;][et_pb_text _builder_version=&#8221;4.20.4&#8243; header_2_font=&#8221;Playfair Display|700|||||||&#8221; header_2_text_color=&#8221;#ffffff&#8221; header_2_font_size=&#8221;50px&#8221; header_2_line_height=&#8221;1.3em&#8221; header_2_font_size_tablet=&#8221;32px&#8221; header_2_font_size_phone=&#8221;24px&#8221; header_2_font_size_last_edited=&#8221;on|phone&#8221; locked=&#8221;off&#8221; global_colors_info=&#8221;{}&#8221;]<\/p>\n<h2><strong>\u0130deal Fen H\u0131zl\u0131 Okuma Kursu Avantajlar\u0131<\/strong><\/h2>\n<p>[\/et_pb_text][\/et_pb_column][\/et_pb_row][et_pb_row column_structure=&#8221;2_3,1_3&#8243; _builder_version=&#8221;4.16&#8243; custom_padding=&#8221;0px|||||&#8221; global_colors_info=&#8221;{}&#8221;][et_pb_column type=&#8221;2_3&#8243; _builder_version=&#8221;4.16&#8243; global_colors_info=&#8221;{}&#8221;][et_pb_text _builder_version=&#8221;4.20.4&#8243; text_font=&#8221;PT Sans||||||||&#8221; text_text_color=&#8221;#ffffff&#8221; text_font_size=&#8221;16px&#8221; text_line_height=&#8221;1.8em&#8221; text_font_size_tablet=&#8221;&#8221; text_font_size_phone=&#8221;14px&#8221; text_font_size_last_edited=&#8221;on|desktop&#8221; locked=&#8221;off&#8221; global_colors_info=&#8221;{}&#8221;]<\/p>\n<p>Hem <strong>online h\u0131zl\u0131 okuma kursu<\/strong> hem de <strong>y\u00fcz y\u00fcze h\u0131zl\u0131 okuma kursu<\/strong> se\u00e7ene\u011fi<\/p>\n<p>\u00d6\u011frenciye \u00f6zel program ve bireysel takip<\/p>\n<p>Deneyimli e\u011fitmen kadrosu<\/p>\n<p>Modern y\u00f6ntemler ve dijital destek materyalleri<\/p>\n<p>[\/et_pb_text][\/et_pb_column][et_pb_column type=&#8221;1_3&#8243; _builder_version=&#8221;4.16&#8243; global_colors_info=&#8221;{}&#8221;][et_pb_blurb use_icon=&#8221;on&#8221; font_icon=&#8221;&#xf232;||fa||400&#8243; icon_color=&#8221;#aaaaaa&#8221; image_icon_width=&#8221;32px&#8221; _builder_version=&#8221;4.20.4&#8243; header_font=&#8221;PT Sans|700|||||||&#8221; header_text_color=&#8221;#2a3749&#8243; header_font_size=&#8221;16px&#8221; header_line_height=&#8221;1.9em&#8221; text_orientation=&#8221;center&#8221; icon_font_size=&#8221;32px&#8221; locked=&#8221;off&#8221; global_colors_info=&#8221;{}&#8221;]<\/p>\n<h3><strong><a href=\"whatsapp:\/\/send?text=Merhaba! Size idealfen.com sitesi \u00fczerinden mesaj at\u0131yorum.&amp;phone=+905337000853\">Whatsapp&#8217;tan <\/a><\/strong><\/h3>\n<h3><strong><a href=\"whatsapp:\/\/send?text=Merhaba! Size ideafen.com sitesi \u00fczerinden mesaj at\u0131yorum.&amp;phone=+905337000853\">mesaj atmak i\u00e7in<\/a><\/strong><\/h3>\n<h3><strong><a href=\"whatsapp:\/\/send?text=Merhaba! Size idealfen.com sitesi \u00fczerinden mesaj at\u0131yorum.&amp;phone=+905337000853\"> t\u0131klay\u0131n<\/a><\/strong><\/h3>\n<p>[\/et_pb_blurb][\/et_pb_column][\/et_pb_row][\/et_pb_section][et_pb_section fb_built=&#8221;1&#8243; custom_padding_last_edited=&#8221;off|tablet&#8221; admin_label=&#8221;Footer&#8221; _builder_version=&#8221;4.16&#8243; background_image=&#8221;http:\/\/idealfen.com\/wp-content\/uploads\/2022\/08\/Tutoring-Service_Footer.png&#8221; background_size=&#8221;contain&#8221; background_position=&#8221;bottom_center&#8221; custom_padding=&#8221;||16vw||false|false&#8221; custom_padding_tablet=&#8221;||||false|false&#8221; locked=&#8221;off&#8221; global_colors_info=&#8221;{}&#8221;][et_pb_row custom_padding_last_edited=&#8221;on|tablet&#8221; _builder_version=&#8221;4.16&#8243; background_image=&#8221;http:\/\/idealfen.com\/wp-content\/uploads\/2022\/08\/bac-01.png&#8221; background_size=&#8221;contain&#8221; custom_padding=&#8221;160px|100px|100px|100px|false|true&#8221; custom_padding_tablet=&#8221;10px|40px|10px|40px|true|true&#8221; custom_padding_phone=&#8221;0px|0px|0px|0px|true|true&#8221; global_colors_info=&#8221;{}&#8221;][et_pb_column type=&#8221;4_4&#8243; _builder_version=&#8221;4.16&#8243; global_colors_info=&#8221;{}&#8221;][et_pb_text _builder_version=&#8221;4.20.4&#8243; text_font=&#8221;PT Sans||||||||&#8221; text_font_size=&#8221;16px&#8221; text_line_height=&#8221;1.8em&#8221; header_2_font=&#8221;Playfair Display|700|||||||&#8221; header_2_text_color=&#8221;#2a3749&#8243; header_2_font_size=&#8221;50px&#8221; header_2_line_height=&#8221;1.3em&#8221; text_orientation=&#8221;center&#8221; max_width=&#8221;600px&#8221; module_alignment=&#8221;center&#8221; header_2_font_size_tablet=&#8221;32px&#8221; header_2_font_size_phone=&#8221;24px&#8221; header_2_font_size_last_edited=&#8221;on|phone&#8221; locked=&#8221;off&#8221; global_colors_info=&#8221;{}&#8221;]<\/p>\n<h2><strong>Kimler Kat\u0131labilir?<\/strong><\/h2>\n<p>S\u0131navlara haz\u0131rlanan \u00f6\u011frenciler (LGS, TYT, AYT)<\/p>\n<p>Daha h\u0131zl\u0131 ve verimli okumak isteyen \u00fcniversite \u00f6\u011frencileri<\/p>\n<p>Akademik ara\u015ft\u0131rmalar yapan ya da i\u015f hayat\u0131nda yo\u011fun okuma ihtiyac\u0131 olan bireyler<\/p>\n<p>Okuma al\u0131\u015fkanl\u0131\u011f\u0131n\u0131 geli\u015ftirmek isteyen herkes<\/p>\n<p>[\/et_pb_text][\/et_pb_column][\/et_pb_row][et_pb_row column_structure=&#8221;1_2,1_2&#8243; _builder_version=&#8221;4.16&#8243; max_width=&#8221;750px&#8221; custom_padding=&#8221;0px||0px||true|&#8221; global_colors_info=&#8221;{}&#8221;][et_pb_column type=&#8221;1_2&#8243; _builder_version=&#8221;4.16&#8243; global_colors_info=&#8221;{}&#8221;][et_pb_blurb use_icon=&#8221;on&#8221; font_icon=&#8221;&#xe00b;||divi||400&#8243; icon_color=&#8221;#aaaaaa&#8221; image_icon_width=&#8221;32px&#8221; title_tablet=&#8221;&#8221; title_phone=&#8221;&#8221; title_last_edited=&#8221;on|desktop&#8221; _builder_version=&#8221;4.20.4&#8243; header_font=&#8221;PT Sans|700|||||||&#8221; header_text_color=&#8221;#2a3749&#8243; header_font_size=&#8221;16px&#8221; header_line_height=&#8221;1.9em&#8221; text_orientation=&#8221;center&#8221; icon_font_size=&#8221;32px&#8221; locked=&#8221;off&#8221; global_colors_info=&#8221;{}&#8221;]<\/p>\n<h2><strong><a href=\"tel:\/+905337000853\">0 533 700 08 53<\/a><\/strong><\/h2>\n<p>&nbsp;[\/et_pb_blurb][\/et_pb_column][et_pb_column type=&#8221;1_2&#8243; _builder_version=&#8221;4.16&#8243; global_colors_info=&#8221;{}&#8221;][et_pb_blurb use_icon=&#8221;on&#8221; font_icon=&#8221;&#xf232;||fa||400&#8243; icon_color=&#8221;#aaaaaa&#8221; image_icon_width=&#8221;32px&#8221; _builder_version=&#8221;4.20.4&#8243; header_font=&#8221;PT Sans|700|||||||&#8221; header_text_color=&#8221;#2a3749&#8243; header_font_size=&#8221;16px&#8221; header_line_height=&#8221;1.9em&#8221; text_orientation=&#8221;center&#8221; icon_font_size=&#8221;32px&#8221; locked=&#8221;off&#8221; global_colors_info=&#8221;{}&#8221;]<\/p>\n<h3><strong><a href=\"whatsapp:\/\/send?text=Merhaba! Size idealfen.com sitesi \u00fczerinden mesaj at\u0131yorum.&amp;phone=+905530713685\">Whatsapp&#8217;tan <\/a><\/strong><\/h3>\n<h3><strong><a href=\"whatsapp:\/\/send?text=Merhaba! Size ideafen.com sitesi \u00fczerinden mesaj at\u0131yorum.&amp;phone=+905530713685\">mesaj atmak i\u00e7in<\/a><\/strong><\/h3>\n<h3><strong><a href=\"whatsapp:\/\/send?text=Merhaba! Size idealfen.com sitesi \u00fczerinden mesaj at\u0131yorum.&amp;phone=+905530713685\"> t\u0131klay\u0131n<\/a><\/strong><\/h3>\n<p>[\/et_pb_blurb][\/et_pb_column][\/et_pb_row][\/et_pb_section]<\/p>\n","protected":false},"excerpt":{"rendered":"<p>\u00c7ekmek\u00f6y H\u0131zl\u0131 Okuma Kursu\u0130deal Fen H\u0131zl\u0131 Okuma Kursu H\u0131zl\u0131 Okuma Kursu, \u00f6\u011frencilerin okuma h\u0131z\u0131n\u0131 art\u0131r\u0131rken ayn\u0131 zamanda anlama becerisini geli\u015ftirmeyi hedefler. Kurslar\u0131m\u0131z, hem online hem de y\u00fcz y\u00fcze olarak uygulanmakta ve kat\u0131l\u0131mc\u0131lar\u0131n ihtiya\u00e7lar\u0131na uygun esnek bir program sunmaktad\u0131r.0 533 700 08 53Whatsapp&#8217;tan mesaj atmak i\u00e7in t\u0131klay\u0131nNeden \u0130deal Fen H\u0131zl\u0131 Okuma Kursu? \u0130deal Fen H\u0131zl\u0131 Okuma [&hellip;]<\/p>\n","protected":false},"author":1,"featured_media":0,"parent":0,"menu_order":0,"comment_status":"closed","ping_status":"closed","template":"","meta":{"_et_pb_use_builder":"on","_et_pb_old_content":"","_et_gb_content_width":"","om_disable_all_campaigns":false,"_monsterinsights_skip_tracking":false,"_monsterinsights_sitenote_active":false,"_monsterinsights_sitenote_note":"","_monsterinsights_sitenote_category":0,"footnotes":""},"class_list":["post-251","page","type-page","status-publish","hentry"],"aioseo_notices":[],"_links":{"self":[{"href":"https:\/\/idealfen.com\/index.php\/wp-json\/wp\/v2\/pages\/251","targetHints":{"allow":["GET"]}}],"collection":[{"href":"https:\/\/idealfen.com\/index.php\/wp-json\/wp\/v2\/pages"}],"about":[{"href":"https:\/\/idealfen.com\/index.php\/wp-json\/wp\/v2\/types\/page"}],"author":[{"embeddable":true,"href":"https:\/\/idealfen.com\/index.php\/wp-json\/wp\/v2\/users\/1"}],"replies":[{"embeddable":true,"href":"https:\/\/idealfen.com\/index.php\/wp-json\/wp\/v2\/comments?post=251"}],"version-history":[{"count":7,"href":"https:\/\/idealfen.com\/index.php\/wp-json\/wp\/v2\/pages\/251\/revisions"}],"predecessor-version":[{"id":262,"href":"https:\/\/idealfen.com\/index.php\/wp-json\/wp\/v2\/pages\/251\/revisions\/262"}],"wp:attachment":[{"href":"https:\/\/idealfen.com\/index.php\/wp-json\/wp\/v2\/media?parent=251"}],"curies":[{"name":"wp","href":"https:\/\/api.w.org\/{rel}","templated":true}]}}