{"id":110,"date":"2022-09-05T21:11:20","date_gmt":"2022-09-05T21:11:20","guid":{"rendered":"http:\/\/idealfen.com\/?page_id=110"},"modified":"2025-09-30T10:31:58","modified_gmt":"2025-09-30T10:31:58","slug":"iletisim","status":"publish","type":"page","link":"https:\/\/idealfen.com\/index.php\/iletisim\/","title":{"rendered":"ileti\u015fim"},"content":{"rendered":"<p>[et_pb_section fb_built=&#8221;1&#8243; specialty=&#8221;on&#8221; next_background_color=&#8221;#ffffff&#8221; padding_top_bottom_link_1=&#8221;false&#8221; admin_label=&#8221;Header&#8221; _builder_version=&#8221;4.16&#8243; background_color=&#8221;#f8f9fa&#8221; min_height=&#8221;561px&#8221; custom_padding=&#8221;0px||||false|false&#8221; bottom_divider_style=&#8221;wave&#8221; bottom_divider_height=&#8221;16vw&#8221; locked=&#8221;off&#8221; global_colors_info=&#8221;{}&#8221;][et_pb_column type=&#8221;1_2&#8243; specialty_columns=&#8221;2&#8243; _builder_version=&#8221;4.16&#8243; custom_padding=&#8221;|||&#8221; global_colors_info=&#8221;{}&#8221; custom_padding__hover=&#8221;|||&#8221;][et_pb_row_inner _builder_version=&#8221;4.16&#8243; custom_padding=&#8221;5px||0px|||&#8221; global_colors_info=&#8221;{}&#8221;][et_pb_column_inner saved_specialty_column_type=&#8221;1_2&#8243; _builder_version=&#8221;4.16&#8243; custom_padding=&#8221;50px||||false|false&#8221; custom_padding_tablet=&#8221;0px||||false|false&#8221; custom_padding_phone=&#8221;&#8221; custom_padding_last_edited=&#8221;on|tablet&#8221; global_colors_info=&#8221;{}&#8221;][et_pb_divider color=&#8221;#f9ce6e&#8221; divider_position=&#8221;center&#8221; divider_weight=&#8221;1px&#8221; _builder_version=&#8221;4.16&#8243; width=&#8221;120px&#8221; height=&#8221;7px&#8221; box_shadow_style=&#8221;preset7&#8243; box_shadow_horizontal=&#8221;40px&#8221; box_shadow_vertical=&#8221;0px&#8221; box_shadow_color=&#8221;#f9ce6e&#8221; locked=&#8221;off&#8221; global_colors_info=&#8221;{}&#8221;][\/et_pb_divider][et_pb_text _builder_version=&#8221;4.16&#8243; header_4_font=&#8221;PT Sans|700||on|||||&#8221; header_4_text_color=&#8221;#ffc107&#8243; header_4_font_size=&#8221;11px&#8221; header_4_letter_spacing=&#8221;1px&#8221; custom_margin=&#8221;-38px|||130px|false|false&#8221; custom_padding=&#8221;||||false|false&#8221; locked=&#8221;off&#8221; global_colors_info=&#8221;{}&#8221;]<\/p>\n<h4>\u00c7ekmek\u00f6y idealfen\u00a0Butik Kurs<\/h4>\n<p>[\/et_pb_text][et_pb_text _builder_version=&#8221;4.16&#8243; text_font=&#8221;PT Sans||||||||&#8221; text_font_size=&#8221;16px&#8221; text_line_height=&#8221;1.8em&#8221; header_font=&#8221;Playfair Display|700|||||||&#8221; header_font_size=&#8221;60px&#8221; header_line_height=&#8221;1.1em&#8221; custom_margin=&#8221;||0px|||&#8221; header_font_size_tablet=&#8221;40px&#8221; header_font_size_phone=&#8221;30px&#8221; header_font_size_last_edited=&#8221;on|phone&#8221; global_colors_info=&#8221;{}&#8221;]<\/p>\n<h1 style=\"text-align: center;\">\u00c7ekmek\u00f6y Butik Kurs &amp; \u00d6zel Dersler ve Deneme Kul\u00fcb\u00fc \u0130\u00e7in ileti\u015fime ge\u00e7in<\/h1>\n<p>&nbsp;<\/p>\n<p>[\/et_pb_text][et_pb_text _builder_version=&#8221;4.20.4&#8243; text_font=&#8221;PT Sans||||||||&#8221; text_font_size=&#8221;16px&#8221; text_line_height=&#8221;1.8em&#8221; header_font=&#8221;Playfair Display|700|||||||&#8221; header_font_size=&#8221;60px&#8221; header_line_height=&#8221;1.1em&#8221; header_font_size_tablet=&#8221;40px&#8221; header_font_size_phone=&#8221;30px&#8221; header_font_size_last_edited=&#8221;on|phone&#8221; global_colors_info=&#8221;{}&#8221;]<\/p>\n<h3 style=\"text-align: center;\"><a href=\"https:\/\/maps.app.goo.gl\/DbM91wfPVRjMtpvt5?g_st=iw\" title=\"\u00e7ekmek\u00f6y idealfen kurs\"><img loading=\"lazy\" decoding=\"async\" src=\"http:\/\/idealfen.com\/wp-content\/uploads\/2025\/09\/idealfen-konum-cekmekoy-kurs-300x300.png\" width=\"118\" height=\"118\" alt=\"\" class=\"wp-image-233 alignnone size-medium\" srcset=\"https:\/\/idealfen.com\/wp-content\/uploads\/2025\/09\/idealfen-konum-cekmekoy-kurs-300x300.png 300w, https:\/\/idealfen.com\/wp-content\/uploads\/2025\/09\/idealfen-konum-cekmekoy-kurs-150x150.png 150w, https:\/\/idealfen.com\/wp-content\/uploads\/2025\/09\/idealfen-konum-cekmekoy-kurs.png 360w\" sizes=\"auto, (max-width: 118px) 100vw, 118px\" \/><\/a><\/h3>\n<h3 style=\"text-align: center;\"><a href=\"https:\/\/maps.app.goo.gl\/DbM91wfPVRjMtpvt5?g_st=iw\" target=\"_blank\" rel=\"noopener\" title=\"\u00e7ekmek\u00f6y ideal fen kurs merkezi\">\u00c7<strong>ekmek\u00f6y Mimar Sinan Mahallesi<\/strong><\/a><\/h3>\n<h3 style=\"text-align: center;\"><strong><a href=\"https:\/\/maps.app.goo.gl\/DbM91wfPVRjMtpvt5?g_st=iw\" target=\"_blank\" rel=\"noopener\" title=\"\u00e7ekmek\u00f6y ideal fen kurs merkezi\">\u00c7avu\u015fba\u015f\u0131 Caddesi Ceren Soka\u011f\u0131 No:5<\/a><\/strong><\/h3>\n<p>&nbsp;<\/p>\n<h3 style=\"text-align: center;\">(Carrefoursa Soka\u011f\u0131, G\u00f6rg\u00fcl\u00fc Cafe 100 metre yan\u0131)<\/h3>\n<p>&nbsp;<\/p>\n<p>[\/et_pb_text][\/et_pb_column_inner][\/et_pb_row_inner][et_pb_row_inner _builder_version=&#8221;4.16&#8243; global_colors_info=&#8221;{}&#8221;][et_pb_column_inner saved_specialty_column_type=&#8221;1_2&#8243; _builder_version=&#8221;4.16&#8243; global_colors_info=&#8221;{}&#8221;][et_pb_blurb use_icon=&#8221;on&#8221; font_icon=&#8221;&#xe00b;||divi||400&#8243; icon_color=&#8221;#aaaaaa&#8221; image_icon_width=&#8221;32px&#8221; title_tablet=&#8221;&#8221; title_phone=&#8221;&#8221; title_last_edited=&#8221;on|desktop&#8221; _builder_version=&#8221;4.20.4&#8243; header_font=&#8221;PT Sans|700|||||||&#8221; header_text_color=&#8221;#2a3749&#8243; header_font_size=&#8221;16px&#8221; header_line_height=&#8221;1.9em&#8221; text_orientation=&#8221;center&#8221; hover_enabled=&#8221;0&#8243; icon_font_size=&#8221;32px&#8221; locked=&#8221;off&#8221; global_colors_info=&#8221;{}&#8221; sticky_enabled=&#8221;0&#8243;]<\/p>\n<h2><strong><a href=\"tel:\/+900 553 071 36 85\">0 553 071 36 85<\/a><\/strong><\/h2>\n<p>[\/et_pb_blurb][\/et_pb_column_inner][\/et_pb_row_inner][\/et_pb_column][et_pb_column type=&#8221;1_2&#8243; _builder_version=&#8221;4.16&#8243; custom_padding=&#8221;|||&#8221; global_colors_info=&#8221;{}&#8221; custom_padding__hover=&#8221;|||&#8221;][et_pb_image src=&#8221;http:\/\/idealfen.com\/wp-content\/uploads\/2022\/09\/tutor-09.png&#8221; _builder_version=&#8221;4.16&#8243; positioning=&#8221;absolute&#8221; vertical_offset=&#8221;-10px&#8221; horizontal_offset=&#8221;-115px&#8221; z_index=&#8221;1&#8243; vertical_offset_tablet=&#8221;-60px&#8221; vertical_offset_phone=&#8221;&#8221; vertical_offset_last_edited=&#8221;on|phone&#8221; width=&#8221;100%&#8221; global_colors_info=&#8221;{}&#8221;][\/et_pb_image][et_pb_blurb use_icon=&#8221;on&#8221; font_icon=&#8221;&#xf232;||fa||400&#8243; icon_color=&#8221;#aaaaaa&#8221; image_icon_width=&#8221;32px&#8221; _builder_version=&#8221;4.20.4&#8243; header_font=&#8221;PT Sans|700|||||||&#8221; header_text_color=&#8221;#2a3749&#8243; header_font_size=&#8221;16px&#8221; header_line_height=&#8221;1.9em&#8221; text_orientation=&#8221;center&#8221; custom_margin=&#8221;||75px|||&#8221; icon_font_size=&#8221;32px&#8221; locked=&#8221;off&#8221; global_colors_info=&#8221;{}&#8221;]<\/p>\n<h2><strong><a href=\"whatsapp:\/\/send?text=Merhaba! Size idealfen.com sitesi \u00fczerinden mesaj at\u0131yorum.&amp;phone=+905530713685\">Whatsapp&#8217;tan <\/a><\/strong><\/h2>\n<h2><strong><a href=\"whatsapp:\/\/send?text=Merhaba! Size ideafen.com sitesi \u00fczerinden mesaj at\u0131yorum.&amp;phone=+905530713685\">mesaj atmak i\u00e7in<\/a><\/strong><\/h2>\n<h2><strong><a href=\"whatsapp:\/\/send?text=Merhaba! Size idealfen.com sitesi \u00fczerinden mesaj at\u0131yorum.&amp;phone=+905530713685\"> t\u0131klay\u0131n<\/a><\/strong><\/h2>\n<p>[\/et_pb_blurb][et_pb_image src=&#8221;http:\/\/idealfen.com\/wp-content\/uploads\/2022\/09\/tutor-10.png&#8221; _builder_version=&#8221;4.16&#8243; positioning=&#8221;relative&#8221; horizontal_offset=&#8221;-80px&#8221; scroll_vertical_motion_enable=&#8221;on&#8221; scroll_vertical_motion=&#8221;0|50|50|100|2|0|-2&#8243; scroll_rotating_enable=&#8221;on&#8221; scroll_rotating=&#8221;0|50|50|100|30\u00b0|0|-30\u00b0&#8221; locked=&#8221;off&#8221; global_colors_info=&#8221;{}&#8221;][\/et_pb_image][\/et_pb_column][\/et_pb_section][et_pb_section fb_built=&#8221;1&#8243; admin_label=&#8221;FAQ&#8221; _builder_version=&#8221;4.16&#8243; global_colors_info=&#8221;{}&#8221;][et_pb_row column_structure=&#8221;1_2,1_2&#8243; _builder_version=&#8221;4.16&#8243; locked=&#8221;off&#8221; global_colors_info=&#8221;{}&#8221;][et_pb_column type=&#8221;1_2&#8243; _builder_version=&#8221;4.16&#8243; global_colors_info=&#8221;{}&#8221;][et_pb_text _builder_version=&#8221;4.16&#8243; header_2_font=&#8221;Playfair Display|700|||||||&#8221; header_2_text_color=&#8221;#2A3749&#8243; header_2_font_size=&#8221;50px&#8221; header_2_line_height=&#8221;1.3em&#8221; header_2_font_size_tablet=&#8221;32px&#8221; header_2_font_size_phone=&#8221;24px&#8221; header_2_font_size_last_edited=&#8221;on|phone&#8221; global_colors_info=&#8221;{}&#8221;]<\/p>\n<h2>\u0130dealfen Kurs\u00a0<\/h2>\n<p>[\/et_pb_text][et_pb_divider color=&#8221;#f9ce6e&#8221; divider_position=&#8221;center&#8221; divider_weight=&#8221;1px&#8221; _builder_version=&#8221;4.16&#8243; width=&#8221;120px&#8221; height=&#8221;7px&#8221; box_shadow_style=&#8221;preset7&#8243; box_shadow_horizontal=&#8221;40px&#8221; box_shadow_vertical=&#8221;0px&#8221; box_shadow_color=&#8221;#f9ce6e&#8221; locked=&#8221;off&#8221; global_colors_info=&#8221;{}&#8221;][\/et_pb_divider][et_pb_text _builder_version=&#8221;4.18.0&#8243; header_4_font=&#8221;PT Sans|700||on|||||&#8221; header_4_text_color=&#8221;#ffc107&#8243; header_4_font_size=&#8221;11px&#8221; header_4_letter_spacing=&#8221;1px&#8221; custom_margin=&#8221;-38px|||130px|false|false&#8221; custom_padding=&#8221;||||false|false&#8221; locked=&#8221;off&#8221; global_colors_info=&#8221;{}&#8221;]<\/p>\n<h4>sss<\/h4>\n<p>[\/et_pb_text][et_pb_accordion open_toggle_background_color=&#8221;#ffffff&#8221; closed_toggle_background_color=&#8221;#ffffff&#8221; icon_color=&#8221;#007aff&#8221; _builder_version=&#8221;4.18.0&#8243; toggle_font=&#8221;PT Sans|700|||||||&#8221; toggle_line_height=&#8221;1.3em&#8221; body_font=&#8221;PT Sans||||||||&#8221; body_font_size=&#8221;15px&#8221; body_line_height=&#8221;1.9em&#8221; border_radii=&#8221;on|6px|6px|6px|6px&#8221; border_width_all=&#8221;0px&#8221; box_shadow_style=&#8221;preset1&#8243; box_shadow_color=&#8221;rgba(12,113,195,0.13)&#8221; global_colors_info=&#8221;{}&#8221;][et_pb_accordion_item title=&#8221;Kurumunuz Ka\u00e7 Y\u0131ll\u0131k Bir Kurum?&#8221; open=&#8221;on&#8221; icon_color=&#8221;#006e72&#8243; _builder_version=&#8221;4.18.0&#8243; custom_padding=&#8221;30px||30px|30px|true|false&#8221; global_colors_info=&#8221;{}&#8221;]<\/p>\n<p>Kurumumuzun ilk kurulu\u015f tarihi 2011 Hazirand\u0131r. ilk \u015eubemizde \u00c7ekmek\u00f6y Mimar Sinan Mahallesindedir.<\/p>\n<p>[\/et_pb_accordion_item][et_pb_accordion_item title=&#8221;\u00d6\u011fretmenleriniz Tecr\u00fcbeli Mi?&#8221; icon_color=&#8221;#006e72&#8243; _builder_version=&#8221;4.18.0&#8243; custom_padding=&#8221;30px||30px|30px|true|false&#8221; global_colors_info=&#8221;{}&#8221; open=&#8221;off&#8221;]<\/p>\n<p>\u00d6\u011fretmenlerimiz uzun s\u00fcredir birlikte \u00e7al\u0131\u015ft\u0131\u011f\u0131m\u0131z \u00f6\u011fretmenlerden olu\u015fmaktad\u0131r. Alan\u0131nda iyi \u00f6\u011fretmenlerle birlikte \u00e7al\u0131\u015fmaktay\u0131z.<\/p>\n<p>[\/et_pb_accordion_item][et_pb_accordion_item title=&#8221;Kullan\u0131lan Kaynaklar ve Denemeler nelerdir?&#8221; _builder_version=&#8221;4.18.0&#8243; custom_padding=&#8221;30px||30px|30px|true|false&#8221; global_colors_info=&#8221;{}&#8221; open=&#8221;off&#8221;]<\/p>\n<p>Kullan\u0131lan kaynaklar kalitesi kab\u00fcl g\u00f6rm\u00fc\u015f se\u00e7kin yay\u0131nlard\u0131r. Tek bir yay\u0131n ile \u00e7al\u0131\u015fmamaktay\u0131z. Bu sebeple kolayl\u0131kla y\u0131llara g\u00f6re daha \u00f6ne \u00e7\u0131kan kaynaklar\u0131 kullanmaktay\u0131z. Denemelerimiz T\u00fcrkiye geneli ve se\u00e7kin yay\u0131nlardan olu\u015fmaktad\u0131r<\/p>\n<p>[\/et_pb_accordion_item][\/et_pb_accordion][\/et_pb_column][et_pb_column type=&#8221;1_2&#8243; _builder_version=&#8221;4.16&#8243; global_colors_info=&#8221;{}&#8221;][et_pb_accordion open_toggle_text_color=&#8221;#ffffff&#8221; open_toggle_background_color=&#8221;#007aff&#8221; closed_toggle_background_color=&#8221;#007aff&#8221; icon_color=&#8221;#ffffff&#8221; _builder_version=&#8221;4.18.0&#8243; toggle_text_color=&#8221;#ffffff&#8221; toggle_font=&#8221;PT Sans|700|||||||&#8221; toggle_line_height=&#8221;1.3em&#8221; body_font=&#8221;PT Sans||||||||&#8221; body_text_color=&#8221;#ffffff&#8221; body_font_size=&#8221;15px&#8221; body_line_height=&#8221;1.9em&#8221; background_enable_color=&#8221;off&#8221; border_radii=&#8221;on|6px|6px|6px|6px&#8221; border_width_all=&#8221;0px&#8221; box_shadow_style=&#8221;preset1&#8243; box_shadow_color=&#8221;#006e72&#8243; locked=&#8221;off&#8221; global_colors_info=&#8221;{}&#8221;][et_pb_accordion_item title=&#8221;S\u0131n\u0131flar\u0131n\u0131z Ka\u00e7 Ki\u015filik?&#8221; open=&#8221;on&#8221; _builder_version=&#8221;4.18.0&#8243; background_color=&#8221;#006e72&#8243; background_enable_color=&#8221;on&#8221; custom_padding=&#8221;30px||30px|30px|true|false&#8221; global_colors_info=&#8221;{}&#8221;]<\/p>\n<p>S\u0131n\u0131flar\u0131m\u0131z maksimum 8 ki\u015filik olmaktad\u0131r. Talebe g\u00f6re LGS i\u00e7in 4 ki\u015filik ve \u00dcniversite haz\u0131rl\u0131k i\u00e7in 5 ki\u015flik s\u0131n\u0131flar\u0131m\u0131z bulunmakta.<\/p>\n<p>[\/et_pb_accordion_item][et_pb_accordion_item title=&#8221;Baz\u0131 bran\u015flardan \u00f6zel ders al\u0131p ve denemelerinize kat\u0131labilir miyiz?&#8221; _builder_version=&#8221;4.18.0&#8243; background_color=&#8221;#006e72&#8243; background_enable_color=&#8221;on&#8221; custom_padding=&#8221;30px||30px|30px|true|false&#8221; global_colors_info=&#8221;{}&#8221; open=&#8221;off&#8221;]<\/p>\n<p>Evet. Y\u0131l i\u00e7inde \u00dcniversite Haz\u0131rl\u0131k i\u00e7in Matematik, Fizik, Kimya, T\u00fcrk\u00e7e derslerinden, LGS i\u00e7in Matematik,T\u00fcrk\u00e7e ve Fen derslerinden \u00f6zel ders alan ve okullar\u0131n\u0131n d\u0131\u015f\u0131ndaki yay\u0131nlar i\u00e7in kurumumuzda denemelere kat\u0131lan \u00f6\u011frencilerimiz bulunmakta.<\/p>\n<p>[\/et_pb_accordion_item][et_pb_accordion_item title=&#8221;Deneme Derslerine kat\u0131labilir miyim?&#8221; _builder_version=&#8221;4.18.0&#8243; background_color=&#8221;#006e72&#8243; background_enable_color=&#8221;on&#8221; custom_padding=&#8221;30px||30px|30px|true|false&#8221; global_colors_info=&#8221;{}&#8221; open=&#8221;off&#8221;]<\/p>\n<p>Tabikide. Gerek grup dersleri i\u00e7in gerekse \u00f6zel dersler i\u00e7in tan\u0131\u015fma dersleri alabilirsiniz.\u00a0<\/p>\n<p>[\/et_pb_accordion_item][et_pb_accordion_item title=&#8221;Ko\u00e7luk veya Ment\u00f6rl\u00fck hizmetiniz var m\u0131?&#8221; _builder_version=&#8221;4.18.0&#8243; background_color=&#8221;#006e72&#8243; background_enable_color=&#8221;on&#8221; custom_padding=&#8221;30px||30px|30px|true|false&#8221; global_colors_info=&#8221;{}&#8221; open=&#8221;off&#8221;]<\/p>\n<p>Evet.\u00a0 Tecr\u00fcbeli Ment\u00f6r \u00d6\u011fretmenler tarf\u0131n \u00f6\u011frencilerimizin haftal\u0131k takibi veli bilgilendirmeleri yap\u0131lmaktad\u0131r.<\/p>\n<p>[\/et_pb_accordion_item][\/et_pb_accordion][\/et_pb_column][\/et_pb_row][\/et_pb_section][et_pb_section fb_built=&#8221;1&#8243; fullwidth=&#8221;on&#8221; _builder_version=&#8221;4.20.4&#8243; _module_preset=&#8221;default&#8221; global_colors_info=&#8221;{}&#8221;][et_pb_fullwidth_code _builder_version=&#8221;4.20.4&#8243; _module_preset=&#8221;default&#8221; text_orientation=&#8221;center&#8221; global_colors_info=&#8221;{}&#8221;]<iframe src=\"https:\/\/www.google.com\/maps\/embed?pb=!1m18!1m12!1m3!1d3009.7152009758133!2d29.17087907498815!3d41.031486371347235!2m3!1f0!2f0!3f0!3m2!1i1024!2i768!4f13.1!3m3!1m2!1s0x14caceed7cdc1913%3A0x82cef29d8b31a883!2s%C3%87ekmek%C3%B6y%20%C4%B0dealist%20Akademi%20Butik%20Kurs%20Merkezi!5e0!3m2!1str!2str!4v1691101465334!5m2!1str!2str\" width=\"1400\" height=\"400\" style=\"border:0;\" allowfullscreen=\"\" loading=\"lazy\" referrerpolicy=\"no-referrer-when-downgrade\"><\/iframe>[\/et_pb_fullwidth_code][\/et_pb_section]<\/p>\n","protected":false},"excerpt":{"rendered":"<p>\u00c7ekmek\u00f6y idealfen\u00a0Butik Kurs\u00c7ekmek\u00f6y Butik Kurs &amp; \u00d6zel Dersler ve Deneme Kul\u00fcb\u00fc \u0130\u00e7in ileti\u015fime ge\u00e7in &nbsp; \u00c7ekmek\u00f6y Mimar Sinan Mahallesi \u00c7avu\u015fba\u015f\u0131 Caddesi Ceren Soka\u011f\u0131 No:5 &nbsp; (Carrefoursa Soka\u011f\u0131, G\u00f6rg\u00fcl\u00fc Cafe 100 metre yan\u0131) &nbsp;0 553 071 36 85Whatsapp&#8217;tan mesaj atmak i\u00e7in t\u0131klay\u0131n\u0130dealfen Kurs\u00a0sssKurumumuzun ilk kurulu\u015f tarihi 2011 Hazirand\u0131r. ilk \u015eubemizde \u00c7ekmek\u00f6y Mimar Sinan Mahallesindedir.\u00d6\u011fretmenlerimiz uzun s\u00fcredir [&hellip;]<\/p>\n","protected":false},"author":1,"featured_media":0,"parent":0,"menu_order":0,"comment_status":"closed","ping_status":"closed","template":"","meta":{"_et_pb_use_builder":"on","_et_pb_old_content":"","_et_gb_content_width":"","om_disable_all_campaigns":false,"_monsterinsights_skip_tracking":false,"_monsterinsights_sitenote_active":false,"_monsterinsights_sitenote_note":"","_monsterinsights_sitenote_category":0,"footnotes":""},"class_list":["post-110","page","type-page","status-publish","hentry"],"aioseo_notices":[],"_links":{"self":[{"href":"https:\/\/idealfen.com\/index.php\/wp-json\/wp\/v2\/pages\/110","targetHints":{"allow":["GET"]}}],"collection":[{"href":"https:\/\/idealfen.com\/index.php\/wp-json\/wp\/v2\/pages"}],"about":[{"href":"https:\/\/idealfen.com\/index.php\/wp-json\/wp\/v2\/types\/page"}],"author":[{"embeddable":true,"href":"https:\/\/idealfen.com\/index.php\/wp-json\/wp\/v2\/users\/1"}],"replies":[{"embeddable":true,"href":"https:\/\/idealfen.com\/index.php\/wp-json\/wp\/v2\/comments?post=110"}],"version-history":[{"count":19,"href":"https:\/\/idealfen.com\/index.php\/wp-json\/wp\/v2\/pages\/110\/revisions"}],"predecessor-version":[{"id":243,"href":"https:\/\/idealfen.com\/index.php\/wp-json\/wp\/v2\/pages\/110\/revisions\/243"}],"wp:attachment":[{"href":"https:\/\/idealfen.com\/index.php\/wp-json\/wp\/v2\/media?parent=110"}],"curies":[{"name":"wp","href":"https:\/\/api.w.org\/{rel}","templated":true}]}}